{"id":21324,"date":"2024-10-17T14:50:05","date_gmt":"2024-10-17T14:50:05","guid":{"rendered":"https:\/\/tiendafinning.com\/empresas\/?post_type=product&#038;p=21324"},"modified":"2024-11-13T13:55:53","modified_gmt":"2024-11-13T13:55:53","slug":"excavadora-de-ruedas-para-ferrocarril-m323f-cat","status":"publish","type":"product","link":"https:\/\/tiendafinning.com\/empresas\/index.php\/product\/excavadora-de-ruedas-para-ferrocarril-m323f-cat\/","title":{"rendered":"Excavadora de Ruedas Para Ferrocarril M323F Cat"},"content":{"rendered":"<ul>\n<li><strong>Estado de Art\u00edculo:<\/strong>\u00a0Nuevo<\/li>\n<li><strong>Accesorios:<\/strong>\u00a0Si<\/li>\n<li><strong>Marca:<\/strong>\u00a0DieCast Masters<\/li>\n<li><strong>Modelo:<\/strong>\u00a0M323F<\/li>\n<li><strong>Escala:<\/strong>\u00a01:50<\/li>\n<li><strong>Marca de Veh\u00edculo:<\/strong>\u00a0Caterpillar<\/li>\n<li><strong>C\u00f3digo:\u00a0<\/strong>85661<\/li>\n<li><strong>Rango de edad recomendado:<\/strong>\u00a014+<\/li>\n<li><strong>Dimensiones del producto:\u00a0<\/strong>16cm x 6cm x 8cm<\/li>\n<li><strong>Peso del producto:<\/strong>\u00a0450Gr<\/li>\n<li><strong>Material:<\/strong>\u00a0Fundici\u00f3n<\/li>\n<li><strong>Color:<\/strong>\u00a0Amarillo<\/li>\n<\/ul>\n<p>Aut\u00e9ntico modelo hecho de metal fundido a presi\u00f3n.<br \/>\nInterior de la cabina detallado, incluido el operador.<br \/>\nRuedas de riel de metal realistas y neum\u00e1ticos de goma<br \/>\nPluma, balanc\u00edn y cuchar\u00f3n m\u00f3viles<br \/>\nContiene 3 accesorios\u00a0prensador de balasto, almeja de riel y cubo.<\/p>\n","protected":false},"excerpt":{"rendered":"<p>Escala 1:50<\/p>\n<p>Material: Metal<\/p>\n<p><img decoding=\"async\" class=\"alignnone wp-image-3218\" src=\"https:\/\/diecast.cl\/wp-content\/uploads\/2020\/11\/DM.png\" alt=\"\" width=\"138\" height=\"126\" \/><\/p>\n","protected":false},"featured_media":21325,"comment_status":"open","ping_status":"closed","template":"","meta":{"_joinchat":[]},"product_brand":[],"product_cat":[413],"product_tag":[112,113],"class_list":{"0":"post-21324","1":"product","2":"type-product","3":"status-publish","4":"has-post-thumbnail","6":"product_cat-excavadoras","7":"product_tag-caterpillar","8":"product_tag-diecast-masters","10":"first","11":"outofstock","12":"featured","13":"taxable","14":"shipping-taxable","15":"purchasable","16":"product-type-simple"},"_links":{"self":[{"href":"https:\/\/tiendafinning.com\/empresas\/index.php\/wp-json\/wp\/v2\/product\/21324","targetHints":{"allow":["GET"]}}],"collection":[{"href":"https:\/\/tiendafinning.com\/empresas\/index.php\/wp-json\/wp\/v2\/product"}],"about":[{"href":"https:\/\/tiendafinning.com\/empresas\/index.php\/wp-json\/wp\/v2\/types\/product"}],"replies":[{"embeddable":true,"href":"https:\/\/tiendafinning.com\/empresas\/index.php\/wp-json\/wp\/v2\/comments?post=21324"}],"wp:featuredmedia":[{"embeddable":true,"href":"https:\/\/tiendafinning.com\/empresas\/index.php\/wp-json\/wp\/v2\/media\/21325"}],"wp:attachment":[{"href":"https:\/\/tiendafinning.com\/empresas\/index.php\/wp-json\/wp\/v2\/media?parent=21324"}],"wp:term":[{"taxonomy":"product_brand","embeddable":true,"href":"https:\/\/tiendafinning.com\/empresas\/index.php\/wp-json\/wp\/v2\/product_brand?post=21324"},{"taxonomy":"product_cat","embeddable":true,"href":"https:\/\/tiendafinning.com\/empresas\/index.php\/wp-json\/wp\/v2\/product_cat?post=21324"},{"taxonomy":"product_tag","embeddable":true,"href":"https:\/\/tiendafinning.com\/empresas\/index.php\/wp-json\/wp\/v2\/product_tag?post=21324"}],"curies":[{"name":"wp","href":"https:\/\/api.w.org\/{rel}","templated":true}]}}