{"id":21168,"date":"2024-09-03T10:19:04","date_gmt":"2024-09-03T10:19:04","guid":{"rendered":"https:\/\/tiendafinning.com\/empresas\/?post_type=product&#038;p=21168"},"modified":"2025-02-06T11:53:26","modified_gmt":"2025-02-06T11:53:26","slug":"wheeldozer-854k-caterpillar","status":"publish","type":"product","link":"https:\/\/tiendafinning.com\/empresas\/index.php\/product\/wheeldozer-854k-caterpillar\/","title":{"rendered":"Wheeldozer 854K Caterpillar"},"content":{"rendered":"<p><span>\u2022 Interior de cabina detallado, incluido el operador<\/span><br \/>\n<span>\u2022 Pintura Cat Machine Yellow aut\u00e9ntica<\/span><br \/>\n<span>\u2022 Imagen comercial aut\u00e9ntica de Cat<\/span><\/p>\n<p><b><span>Embalaje de la serie Core Classics:<\/span><\/b><br \/>\n<span>caja distintiva de cart\u00f3n sin blanquear con ventana, impresa con la foto y las especificaciones de la m\u00e1quina. El bl\u00edster de PVC moldeado protege el modelo dentro del paquete. La caja exterior de cart\u00f3n proporciona protecci\u00f3n adicional.<\/span><\/p>\n","protected":false},"excerpt":{"rendered":"<p>Escala 1:50<\/p>\n<p>Serie Core Classic<\/p>\n<p><img decoding=\"async\" class=\"alignnone wp-image-8007\" src=\"https:\/\/diecast.cl\/wp-content\/uploads\/2021\/05\/diecastmaster-logo-e1667994263109.png\" alt=\"\" width=\"142\" height=\"130\" \/><\/p>\n","protected":false},"featured_media":21169,"comment_status":"open","ping_status":"closed","template":"","meta":{"_joinchat":[]},"product_brand":[],"product_cat":[414],"product_tag":[289,218],"class_list":{"0":"post-21168","1":"product","2":"type-product","3":"status-publish","4":"has-post-thumbnail","6":"product_cat-bulldozer","7":"product_tag-cat","8":"product_tag-diecast","10":"first","11":"outofstock","12":"featured","13":"taxable","14":"shipping-taxable","15":"purchasable","16":"product-type-simple"},"_links":{"self":[{"href":"https:\/\/tiendafinning.com\/empresas\/index.php\/wp-json\/wp\/v2\/product\/21168","targetHints":{"allow":["GET"]}}],"collection":[{"href":"https:\/\/tiendafinning.com\/empresas\/index.php\/wp-json\/wp\/v2\/product"}],"about":[{"href":"https:\/\/tiendafinning.com\/empresas\/index.php\/wp-json\/wp\/v2\/types\/product"}],"replies":[{"embeddable":true,"href":"https:\/\/tiendafinning.com\/empresas\/index.php\/wp-json\/wp\/v2\/comments?post=21168"}],"wp:featuredmedia":[{"embeddable":true,"href":"https:\/\/tiendafinning.com\/empresas\/index.php\/wp-json\/wp\/v2\/media\/21169"}],"wp:attachment":[{"href":"https:\/\/tiendafinning.com\/empresas\/index.php\/wp-json\/wp\/v2\/media?parent=21168"}],"wp:term":[{"taxonomy":"product_brand","embeddable":true,"href":"https:\/\/tiendafinning.com\/empresas\/index.php\/wp-json\/wp\/v2\/product_brand?post=21168"},{"taxonomy":"product_cat","embeddable":true,"href":"https:\/\/tiendafinning.com\/empresas\/index.php\/wp-json\/wp\/v2\/product_cat?post=21168"},{"taxonomy":"product_tag","embeddable":true,"href":"https:\/\/tiendafinning.com\/empresas\/index.php\/wp-json\/wp\/v2\/product_tag?post=21168"}],"curies":[{"name":"wp","href":"https:\/\/api.w.org\/{rel}","templated":true}]}}