{"id":21151,"date":"2024-11-13T08:16:47","date_gmt":"2024-11-13T08:16:47","guid":{"rendered":"https:\/\/tiendafinning.com\/empresas\/?post_type=product&#038;p=21151"},"modified":"2026-02-05T15:05:27","modified_gmt":"2026-02-05T15:05:27","slug":"camion-volquete-subterraneo-articulado-ad45-caterpillar","status":"publish","type":"product","link":"https:\/\/tiendafinning.com\/empresas\/index.php\/product\/camion-volquete-subterraneo-articulado-ad45-caterpillar\/","title":{"rendered":"Cami\u00f3n volquete subterr\u00e1neo articulado AD45 Caterpillar"},"content":{"rendered":"<ul>\n<li>Interior de cabina detallado, incluido el operador<\/li>\n<li>Pintura Cat Machine Yellow aut\u00e9ntica<\/li>\n<li>Imagen comercial aut\u00e9ntica de Cat<\/li>\n<li>Enganche articulado<\/li>\n<li>La plataforma del cami\u00f3n se eleva y baja<\/li>\n<li>Carga simulada de roca dura en la plataforma del cami\u00f3n<\/li>\n<li>Dise\u00f1o aut\u00e9ntico de la banda de rodadura de los neum\u00e1ticos<\/li>\n<li>Embalaje de lata de metal de la serie High Line<\/li>\n<\/ul>\n","protected":false},"excerpt":{"rendered":"<p>Escala 1:50<\/p>\n<p><img decoding=\"async\" class=\"alignnone wp-image-8007\" src=\"https:\/\/diecast.cl\/wp-content\/uploads\/2021\/05\/diecastmaster-logo-e1667994263109.png\" alt=\"\" width=\"142\" height=\"130\" \/><\/p>\n","protected":false},"featured_media":21152,"comment_status":"open","ping_status":"closed","template":"","meta":{"_joinchat":[]},"product_brand":[],"product_cat":[416],"product_tag":[289,218],"class_list":{"0":"post-21151","1":"product","2":"type-product","3":"status-publish","4":"has-post-thumbnail","6":"product_cat-camiones","7":"product_tag-cat","8":"product_tag-diecast","10":"first","11":"outofstock","12":"featured","13":"taxable","14":"shipping-taxable","15":"purchasable","16":"product-type-simple"},"_links":{"self":[{"href":"https:\/\/tiendafinning.com\/empresas\/index.php\/wp-json\/wp\/v2\/product\/21151","targetHints":{"allow":["GET"]}}],"collection":[{"href":"https:\/\/tiendafinning.com\/empresas\/index.php\/wp-json\/wp\/v2\/product"}],"about":[{"href":"https:\/\/tiendafinning.com\/empresas\/index.php\/wp-json\/wp\/v2\/types\/product"}],"replies":[{"embeddable":true,"href":"https:\/\/tiendafinning.com\/empresas\/index.php\/wp-json\/wp\/v2\/comments?post=21151"}],"wp:featuredmedia":[{"embeddable":true,"href":"https:\/\/tiendafinning.com\/empresas\/index.php\/wp-json\/wp\/v2\/media\/21152"}],"wp:attachment":[{"href":"https:\/\/tiendafinning.com\/empresas\/index.php\/wp-json\/wp\/v2\/media?parent=21151"}],"wp:term":[{"taxonomy":"product_brand","embeddable":true,"href":"https:\/\/tiendafinning.com\/empresas\/index.php\/wp-json\/wp\/v2\/product_brand?post=21151"},{"taxonomy":"product_cat","embeddable":true,"href":"https:\/\/tiendafinning.com\/empresas\/index.php\/wp-json\/wp\/v2\/product_cat?post=21151"},{"taxonomy":"product_tag","embeddable":true,"href":"https:\/\/tiendafinning.com\/empresas\/index.php\/wp-json\/wp\/v2\/product_tag?post=21151"}],"curies":[{"name":"wp","href":"https:\/\/api.w.org\/{rel}","templated":true}]}}