{"id":19330,"date":"2024-04-26T14:33:20","date_gmt":"2024-04-26T14:33:20","guid":{"rendered":"https:\/\/tiendafinning.com\/empresas\/?post_type=product&#038;p=19330"},"modified":"2025-10-30T17:46:07","modified_gmt":"2025-10-30T17:46:07","slug":"gorro-caterpillar-22","status":"publish","type":"product","link":"https:\/\/tiendafinning.com\/empresas\/index.php\/product\/gorro-caterpillar-22\/","title":{"rendered":"Gorro Caterpillar"},"content":{"rendered":"<ul>\n<li id=\"tw-target-text\" class=\"tw-data-text tw-text-large tw-ta\" dir=\"ltr\" data-placeholder=\"Translation\" aria-label=\"Texto traducido\" data-ved=\"2ahUKEwiAveny6ryFAxWnCbkGHfeMAGYQ3ewLegQIDhAU\"><span class=\"Y2IQFc\" lang=\"es\">Gorra estructurada en color oliva jaspeado con leva de algod\u00f3n encerado<\/span><\/li>\n<li class=\"tw-data-text tw-text-large tw-ta\" dir=\"ltr\" data-placeholder=\"Translation\" aria-label=\"Texto traducido\" data-ved=\"2ahUKEwiAveny6ryFAxWnCbkGHfeMAGYQ3ewLegQIDhAU\"><span class=\"Y2IQFc\" lang=\"es\">Visera y espalda de malla verde oliva. <\/span><\/li>\n<li class=\"tw-data-text tw-text-large tw-ta\" dir=\"ltr\" data-placeholder=\"Translation\" aria-label=\"Texto traducido\" data-ved=\"2ahUKEwiAveny6ryFAxWnCbkGHfeMAGYQ3ewLegQIDhAU\"><span class=\"Y2IQFc\" lang=\"es\">Parche de gamuza sint\u00e9tica en el frente con Marca de dise\u00f1o Cat quemada con l\u00e1ser. <\/span><\/li>\n<li class=\"tw-data-text tw-text-large tw-ta\" dir=\"ltr\" data-placeholder=\"Translation\" aria-label=\"Texto traducido\" data-ved=\"2ahUKEwiAveny6ryFAxWnCbkGHfeMAGYQ3ewLegQIDhAU\"><span class=\"Y2IQFc\" lang=\"es\">Cierre trasero de pl\u00e1stico. <\/span><\/li>\n<li class=\"tw-data-text tw-text-large tw-ta\" dir=\"ltr\" data-placeholder=\"Translation\" aria-label=\"Texto traducido\" data-ved=\"2ahUKEwiAveny6ryFAxWnCbkGHfeMAGYQ3ewLegQIDhAU\"><span class=\"Y2IQFc\" lang=\"es\">Importado<\/span><\/li>\n<\/ul>\n","protected":false},"excerpt":{"rendered":"<p>Color: Verde Oliva<\/p>\n<p><a href=\"https:\/\/diecast.cl\/?attachment_id=5723\" rel=\"attachment wp-att-5723\"><img decoding=\"async\" class=\"alignnone wp-image-5723\" src=\"https:\/\/diecast.cl\/wp-content\/uploads\/2021\/05\/Cat-logo-300x188.png\" alt=\"\" width=\"236\" height=\"148\" \/><\/a><\/p>\n","protected":false},"featured_media":19331,"comment_status":"open","ping_status":"closed","template":"","meta":{"_joinchat":[]},"product_brand":[],"product_cat":[437],"product_tag":[112,438,310],"class_list":{"0":"post-19330","1":"product","2":"type-product","3":"status-publish","4":"has-post-thumbnail","6":"product_cat-gorros","7":"product_tag-caterpillar","8":"product_tag-gorro","9":"product_tag-merchandising","11":"first","12":"instock","13":"featured","14":"taxable","15":"shipping-taxable","16":"purchasable","17":"product-type-simple"},"_links":{"self":[{"href":"https:\/\/tiendafinning.com\/empresas\/index.php\/wp-json\/wp\/v2\/product\/19330","targetHints":{"allow":["GET"]}}],"collection":[{"href":"https:\/\/tiendafinning.com\/empresas\/index.php\/wp-json\/wp\/v2\/product"}],"about":[{"href":"https:\/\/tiendafinning.com\/empresas\/index.php\/wp-json\/wp\/v2\/types\/product"}],"replies":[{"embeddable":true,"href":"https:\/\/tiendafinning.com\/empresas\/index.php\/wp-json\/wp\/v2\/comments?post=19330"}],"wp:featuredmedia":[{"embeddable":true,"href":"https:\/\/tiendafinning.com\/empresas\/index.php\/wp-json\/wp\/v2\/media\/19331"}],"wp:attachment":[{"href":"https:\/\/tiendafinning.com\/empresas\/index.php\/wp-json\/wp\/v2\/media?parent=19330"}],"wp:term":[{"taxonomy":"product_brand","embeddable":true,"href":"https:\/\/tiendafinning.com\/empresas\/index.php\/wp-json\/wp\/v2\/product_brand?post=19330"},{"taxonomy":"product_cat","embeddable":true,"href":"https:\/\/tiendafinning.com\/empresas\/index.php\/wp-json\/wp\/v2\/product_cat?post=19330"},{"taxonomy":"product_tag","embeddable":true,"href":"https:\/\/tiendafinning.com\/empresas\/index.php\/wp-json\/wp\/v2\/product_tag?post=19330"}],"curies":[{"name":"wp","href":"https:\/\/api.w.org\/{rel}","templated":true}]}}