{"id":19152,"date":"2024-04-10T16:39:23","date_gmt":"2024-04-10T16:39:23","guid":{"rendered":"https:\/\/tiendafinning.com\/empresas\/?post_type=product&#038;p=19152"},"modified":"2024-11-13T12:53:11","modified_gmt":"2024-11-13T12:53:11","slug":"bulldozer-d8t-cat-2","status":"publish","type":"product","link":"https:\/\/tiendafinning.com\/empresas\/index.php\/product\/bulldozer-d8t-cat-2\/","title":{"rendered":"Bulldozer D8T Cat"},"content":{"rendered":"<ul>\n<li id=\"tw-target-text\" class=\"tw-data-text tw-text-large tw-ta\" dir=\"ltr\" data-placeholder=\"Traducci\u00f3n\" aria-label=\"Texto traducido\" data-ved=\"2ahUKEwiLhvGT4KOFAxVlrpUCHaY4DlMQ3ewLegQIBRAU\"><span class=\"Y2IQFc\" lang=\"es\">Marca: CAT <\/span><\/li>\n<li class=\"tw-data-text tw-text-large tw-ta\" dir=\"ltr\" data-placeholder=\"Traducci\u00f3n\" aria-label=\"Texto traducido\" data-ved=\"2ahUKEwiLhvGT4KOFAxVlrpUCHaY4DlMQ3ewLegQIBRAU\"><span class=\"Y2IQFc\" lang=\"es\">Tipo: D8T <\/span><\/li>\n<li class=\"tw-data-text tw-text-large tw-ta\" dir=\"ltr\" data-placeholder=\"Traducci\u00f3n\" aria-label=\"Texto traducido\" data-ved=\"2ahUKEwiLhvGT4KOFAxVlrpUCHaY4DlMQ3ewLegQIBRAU\"><span class=\"Y2IQFc\" lang=\"es\">Designaci\u00f3n: Tractor de orugas<\/span><\/li>\n<li class=\"tw-data-text tw-text-large tw-ta\" dir=\"ltr\" data-placeholder=\"Traducci\u00f3n\" aria-label=\"Texto traducido\" data-ved=\"2ahUKEwiLhvGT4KOFAxVlrpUCHaY4DlMQ3ewLegQIBRAU\"><span class=\"Y2IQFc\" lang=\"es\">Descripci\u00f3n: modelo de m\u00e1quina de construcci\u00f3n \/ Modelo CAT<\/span><\/li>\n<\/ul>\n","protected":false},"excerpt":{"rendered":"<p><img fetchpriority=\"high\" decoding=\"async\" class=\"alignnone size-full wp-image-8007\" src=\"https:\/\/diecast.cl\/wp-content\/uploads\/2021\/05\/diecastmaster-logo-e1667994263109.png\" alt=\"\" width=\"235\" height=\"215\" \/><\/p>\n","protected":false},"featured_media":19153,"comment_status":"open","ping_status":"closed","template":"","meta":{"_joinchat":[]},"product_brand":[],"product_cat":[414],"product_tag":[112,113,759],"class_list":{"0":"post-19152","1":"product","2":"type-product","3":"status-publish","4":"has-post-thumbnail","6":"product_cat-bulldozer","7":"product_tag-caterpillar","8":"product_tag-diecast-masters","9":"product_tag-micro","11":"first","12":"outofstock","13":"featured","14":"taxable","15":"shipping-taxable","16":"purchasable","17":"product-type-simple"},"_links":{"self":[{"href":"https:\/\/tiendafinning.com\/empresas\/index.php\/wp-json\/wp\/v2\/product\/19152","targetHints":{"allow":["GET"]}}],"collection":[{"href":"https:\/\/tiendafinning.com\/empresas\/index.php\/wp-json\/wp\/v2\/product"}],"about":[{"href":"https:\/\/tiendafinning.com\/empresas\/index.php\/wp-json\/wp\/v2\/types\/product"}],"replies":[{"embeddable":true,"href":"https:\/\/tiendafinning.com\/empresas\/index.php\/wp-json\/wp\/v2\/comments?post=19152"}],"wp:featuredmedia":[{"embeddable":true,"href":"https:\/\/tiendafinning.com\/empresas\/index.php\/wp-json\/wp\/v2\/media\/19153"}],"wp:attachment":[{"href":"https:\/\/tiendafinning.com\/empresas\/index.php\/wp-json\/wp\/v2\/media?parent=19152"}],"wp:term":[{"taxonomy":"product_brand","embeddable":true,"href":"https:\/\/tiendafinning.com\/empresas\/index.php\/wp-json\/wp\/v2\/product_brand?post=19152"},{"taxonomy":"product_cat","embeddable":true,"href":"https:\/\/tiendafinning.com\/empresas\/index.php\/wp-json\/wp\/v2\/product_cat?post=19152"},{"taxonomy":"product_tag","embeddable":true,"href":"https:\/\/tiendafinning.com\/empresas\/index.php\/wp-json\/wp\/v2\/product_tag?post=19152"}],"curies":[{"name":"wp","href":"https:\/\/api.w.org\/{rel}","templated":true}]}}