{"id":16818,"date":"2023-10-06T16:53:38","date_gmt":"2023-10-06T16:53:38","guid":{"rendered":"https:\/\/tiendafinning.com\/empresas\/?post_type=product&#038;p=16818"},"modified":"2025-09-15T17:56:08","modified_gmt":"2025-09-15T17:56:08","slug":"camion-articulado-desgastado-745-cat","status":"publish","type":"product","link":"https:\/\/tiendafinning.com\/empresas\/index.php\/product\/camion-articulado-desgastado-745-cat\/","title":{"rendered":"Cami\u00f3n de extracci\u00f3n desgastado 770 Cat"},"content":{"rendered":"<p><strong><span style=\"font-size: 17px;\">Descripci\u00f3n:<\/span><\/strong><\/p>\n<p><span>Tomando el Cat \u00ae 745 y agregando el desgaste realista de una m\u00e1quina en funcionamiento real.\u00a0El Cat 745 presenta un dise\u00f1o de cabina de clase mundial, redise\u00f1ado utilizando comentarios globales del operador para mejorar la comodidad y facilidad de operaci\u00f3n.\u00a0El motor Cat C18 ofrece amplios caballos de fuerza para capacidad de elevaci\u00f3n y excavaci\u00f3n.\u00a0El envejecimiento profesional aplicado a esta m\u00e1quina la prepara para cualquier aplicaci\u00f3n de diorama o exhibici\u00f3n en una base de tierra realista especialmente dise\u00f1ada.<\/span><\/p>\n<p><strong><span>Caracter\u00edsticas y detalles:<\/span><\/strong><\/p>\n<ul>\n<li><span>Interior detallado de la cabina, incluido el operador.<\/span><\/li>\n<li><span>Aut\u00e9ntica pintura amarilla de m\u00e1quina Weathered Cat.<\/span><\/li>\n<li><span>Vestido aut\u00e9ntico de Cat Trade.<\/span><\/li>\n<li><span>enganche articulado<\/span><\/li>\n<li><span>Caja basculante con port\u00f3n trasero m\u00f3vil<\/span><\/li>\n<li><span>Suspensi\u00f3n trasera de trabajo<\/span><\/li>\n<li><span>Barandillas y asideros aut\u00e9nticos<\/span><\/li>\n<li><span>Placa base de tierra para exhibici\u00f3n.<\/span><\/li>\n<li><span>Con los desgastes y rasgu\u00f1os de una m\u00e1quina en funcionamiento real.<\/span><\/li>\n<\/ul>\n<p><strong><span>Embalaje de la serie Weathered:<\/span><\/strong><br \/>\n<span>Caja abatible coleccionable, impresa a todo color, envuelta en una funda, se abre para revelar el modelo desgastado y la placa base sucia.\u00a0El inserto de espuma troquelada protege el modelo dentro de la caja.<\/span><\/p>\n","protected":false},"excerpt":{"rendered":"<p>Material: Metal<\/p>\n<p>Escala: 1:50<\/p>\n<p><a href=\"https:\/\/diecast.cl\/?attachment_id=5725\" rel=\"attachment wp-att-5725\"><img decoding=\"async\" class=\"alignnone wp-image-5725\" src=\"https:\/\/diecast.cl\/wp-content\/uploads\/2021\/05\/Diecast-master-logo-e1632315945472.png\" alt=\"\" width=\"126\" height=\"123\" \/><\/a><\/p>\n","protected":false},"featured_media":17122,"comment_status":"open","ping_status":"closed","template":"","meta":{"_joinchat":[]},"product_brand":[],"product_cat":[416],"product_tag":[747,218,113,219],"class_list":{"0":"post-16818","1":"product","2":"type-product","3":"status-publish","4":"has-post-thumbnail","6":"product_cat-camiones","7":"product_tag-747","8":"product_tag-diecast","9":"product_tag-diecast-masters","10":"product_tag-masters","12":"first","13":"instock","14":"featured","15":"taxable","16":"shipping-taxable","17":"purchasable","18":"product-type-simple"},"_links":{"self":[{"href":"https:\/\/tiendafinning.com\/empresas\/index.php\/wp-json\/wp\/v2\/product\/16818","targetHints":{"allow":["GET"]}}],"collection":[{"href":"https:\/\/tiendafinning.com\/empresas\/index.php\/wp-json\/wp\/v2\/product"}],"about":[{"href":"https:\/\/tiendafinning.com\/empresas\/index.php\/wp-json\/wp\/v2\/types\/product"}],"replies":[{"embeddable":true,"href":"https:\/\/tiendafinning.com\/empresas\/index.php\/wp-json\/wp\/v2\/comments?post=16818"}],"wp:featuredmedia":[{"embeddable":true,"href":"https:\/\/tiendafinning.com\/empresas\/index.php\/wp-json\/wp\/v2\/media\/17122"}],"wp:attachment":[{"href":"https:\/\/tiendafinning.com\/empresas\/index.php\/wp-json\/wp\/v2\/media?parent=16818"}],"wp:term":[{"taxonomy":"product_brand","embeddable":true,"href":"https:\/\/tiendafinning.com\/empresas\/index.php\/wp-json\/wp\/v2\/product_brand?post=16818"},{"taxonomy":"product_cat","embeddable":true,"href":"https:\/\/tiendafinning.com\/empresas\/index.php\/wp-json\/wp\/v2\/product_cat?post=16818"},{"taxonomy":"product_tag","embeddable":true,"href":"https:\/\/tiendafinning.com\/empresas\/index.php\/wp-json\/wp\/v2\/product_tag?post=16818"}],"curies":[{"name":"wp","href":"https:\/\/api.w.org\/{rel}","templated":true}]}}