{"id":16798,"date":"2023-10-06T16:01:26","date_gmt":"2023-10-06T16:01:26","guid":{"rendered":"https:\/\/tiendafinning.com\/empresas\/?post_type=product&#038;p=16798"},"modified":"2024-11-13T12:52:53","modified_gmt":"2024-11-13T12:52:53","slug":"minicargador-259d3-cat","status":"publish","type":"product","link":"https:\/\/tiendafinning.com\/empresas\/index.php\/product\/minicargador-259d3-cat\/","title":{"rendered":"Minicargador 259D3 Cat"},"content":{"rendered":"<p><strong><span style=\"font-size: 17px;\">Descripci\u00f3n:<\/span><\/strong><\/p>\n<ul>\n<li><strong>Estado de Art\u00edculo:<\/strong>\u00a0Nuevo<\/li>\n<li><strong>Accesorios:<\/strong>\u00a0Si<\/li>\n<li><strong>Marca:<\/strong>\u00a0Diecast Masters<\/li>\n<li><strong>Modelo:<\/strong>\u00a0259D3<\/li>\n<li><strong>Escala:<\/strong>\u00a01:50<\/li>\n<li><strong>Marca de Veh\u00edculo:<\/strong>\u00a0Caterpillar<\/li>\n<li><strong>C\u00f3digo:<\/strong>\u00a085677BK<\/li>\n<li><strong>Rango de edad recomendado:<\/strong>\u00a014+<\/li>\n<li><strong>Dimensiones del producto:\u00a0<\/strong>8cm x 3.5cm x 4.5cm<\/li>\n<li><strong>Dimensiones de la caja:\u00a0<\/strong>16cm x 7cm x 9.5cm<\/li>\n<li><strong>Peso del producto:\u00a0<\/strong>90Gr<\/li>\n<li><strong>Peso con caja:\u00a0<\/strong>295Gr<\/li>\n<li><strong>Material:<\/strong>\u00a0Fundici\u00f3n<\/li>\n<li><strong>Color:<\/strong>\u00a0Amarillo<\/li>\n<\/ul>\n<p>Interior detallado de la cabina, incluido el operador.<br \/>\nAut\u00e9ntico modelo hecho de metal fundido a presi\u00f3n.<br \/>\nHerramientas de trabajo intercambiables.<br \/>\nLa pluma de extensi\u00f3n sube y baja.<br \/>\nDise\u00f1o aut\u00e9ntico de la banda de rodadura de los neum\u00e1ticos.<\/p>\n","protected":false},"excerpt":{"rendered":"<p>Material: Metal<\/p>\n<p>Escala: 1:50<\/p>\n<p><a href=\"https:\/\/diecast.cl\/?attachment_id=5725\" rel=\"attachment wp-att-5725\"><img decoding=\"async\" class=\"alignnone wp-image-5725\" src=\"https:\/\/diecast.cl\/wp-content\/uploads\/2021\/05\/Diecast-master-logo-e1632315945472.png\" alt=\"\" width=\"126\" height=\"123\" \/><\/a><\/p>\n","protected":false},"featured_media":17115,"comment_status":"open","ping_status":"closed","template":"","meta":{"_joinchat":[]},"product_brand":[],"product_cat":[423],"product_tag":[745,218,113,219],"class_list":{"0":"post-16798","1":"product","2":"type-product","3":"status-publish","4":"has-post-thumbnail","6":"product_cat-minicargadores","7":"product_tag-85677bk","8":"product_tag-diecast","9":"product_tag-diecast-masters","10":"product_tag-masters","12":"first","13":"outofstock","14":"featured","15":"taxable","16":"shipping-taxable","17":"purchasable","18":"product-type-simple"},"_links":{"self":[{"href":"https:\/\/tiendafinning.com\/empresas\/index.php\/wp-json\/wp\/v2\/product\/16798","targetHints":{"allow":["GET"]}}],"collection":[{"href":"https:\/\/tiendafinning.com\/empresas\/index.php\/wp-json\/wp\/v2\/product"}],"about":[{"href":"https:\/\/tiendafinning.com\/empresas\/index.php\/wp-json\/wp\/v2\/types\/product"}],"replies":[{"embeddable":true,"href":"https:\/\/tiendafinning.com\/empresas\/index.php\/wp-json\/wp\/v2\/comments?post=16798"}],"wp:featuredmedia":[{"embeddable":true,"href":"https:\/\/tiendafinning.com\/empresas\/index.php\/wp-json\/wp\/v2\/media\/17115"}],"wp:attachment":[{"href":"https:\/\/tiendafinning.com\/empresas\/index.php\/wp-json\/wp\/v2\/media?parent=16798"}],"wp:term":[{"taxonomy":"product_brand","embeddable":true,"href":"https:\/\/tiendafinning.com\/empresas\/index.php\/wp-json\/wp\/v2\/product_brand?post=16798"},{"taxonomy":"product_cat","embeddable":true,"href":"https:\/\/tiendafinning.com\/empresas\/index.php\/wp-json\/wp\/v2\/product_cat?post=16798"},{"taxonomy":"product_tag","embeddable":true,"href":"https:\/\/tiendafinning.com\/empresas\/index.php\/wp-json\/wp\/v2\/product_tag?post=16798"}],"curies":[{"name":"wp","href":"https:\/\/api.w.org\/{rel}","templated":true}]}}