{"id":16730,"date":"2023-10-24T11:44:03","date_gmt":"2023-10-24T11:44:03","guid":{"rendered":"https:\/\/tiendafinning.com\/empresas\/?post_type=product&#038;p=16730"},"modified":"2024-11-13T12:52:51","modified_gmt":"2024-11-13T12:52:51","slug":"linterna-caterpillar-2","status":"publish","type":"product","link":"https:\/\/tiendafinning.com\/empresas\/index.php\/product\/linterna-caterpillar-2\/","title":{"rendered":"Linterna Caterpillar"},"content":{"rendered":"<ul>\n<li id=\"tw-target-text\" class=\"tw-data-text tw-text-large tw-ta\" dir=\"ltr\" data-placeholder=\"Translation\" data-ved=\"2ahUKEwid58rkxeGBAxVaj5UCHWbCCqIQ3ewLegQICRAQ\"><span class=\"Y2IQFc\" lang=\"es\"><span>Luz de trabajo con cuerpo de aluminio, anillo en D y tapa del bot\u00f3n de encendido.\u00a0<\/span><\/span><\/li>\n<li class=\"tw-data-text tw-text-large tw-ta\" dir=\"ltr\" data-placeholder=\"Translation\" data-ved=\"2ahUKEwid58rkxeGBAxVaj5UCHWbCCqIQ3ewLegQICRAQ\"><span class=\"Y2IQFc\" lang=\"es\"><span>Tiene tres modos: frontal, ca\u00f1\u00f3n (alto) y ca\u00f1\u00f3n (bajo). <\/span><\/span><\/li>\n<li class=\"tw-data-text tw-text-large tw-ta\" dir=\"ltr\" data-placeholder=\"Translation\" data-ved=\"2ahUKEwid58rkxeGBAxVaj5UCHWbCCqIQ3ewLegQICRAQ\"><span class=\"Y2IQFc\" lang=\"es\"><span>Bater\u00edas<\/span><span> incluido. <\/span><\/span><\/li>\n<li class=\"tw-data-text tw-text-large tw-ta\" dir=\"ltr\" data-placeholder=\"Translation\" data-ved=\"2ahUKEwid58rkxeGBAxVaj5UCHWbCCqIQ3ewLegQICRAQ\"><span class=\"Y2IQFc\" lang=\"es\"><span>Tama\u00f1o 5\u201d x 11\/2\u201d x 11\/2\u201d. <\/span><\/span><\/li>\n<li class=\"tw-data-text tw-text-large tw-ta\" dir=\"ltr\" data-placeholder=\"Translation\" data-ved=\"2ahUKEwid58rkxeGBAxVaj5UCHWbCCqIQ3ewLegQICRAQ\"><span class=\"Y2IQFc\" lang=\"es\"><span>Grabado con l\u00e1ser. <\/span><\/span><\/li>\n<li class=\"tw-data-text tw-text-large tw-ta\" dir=\"ltr\" data-placeholder=\"Translation\" data-ved=\"2ahUKEwid58rkxeGBAxVaj5UCHWbCCqIQ3ewLegQICRAQ\"><span class=\"Y2IQFc\" lang=\"es\"><span>Empaquetado<\/span><span> en caja de regalo.<\/span><\/span><\/li>\n<\/ul>\n","protected":false},"excerpt":{"rendered":"<p>Color: Gris<\/p>\n<p><a href=\"https:\/\/diecast.cl\/?attachment_id=3821\" rel=\"attachment wp-att-3821\"><img decoding=\"async\" class=\"alignnone wp-image-3821\" src=\"https:\/\/diecast.cl\/wp-content\/uploads\/2021\/02\/LOGO-CAT-300x223.jpg\" alt=\"\" width=\"156\" height=\"116\" \/><\/a><\/p>\n","protected":false},"featured_media":17074,"comment_status":"open","ping_status":"closed","template":"","meta":{"_joinchat":[]},"product_brand":[],"product_cat":[496],"product_tag":[112,310,494],"class_list":{"0":"post-16730","1":"product","2":"type-product","3":"status-publish","4":"has-post-thumbnail","6":"product_cat-linternas","7":"product_tag-caterpillar","8":"product_tag-merchandising","9":"product_tag-vaso","11":"first","12":"outofstock","13":"featured","14":"taxable","15":"shipping-taxable","16":"purchasable","17":"product-type-simple"},"_links":{"self":[{"href":"https:\/\/tiendafinning.com\/empresas\/index.php\/wp-json\/wp\/v2\/product\/16730","targetHints":{"allow":["GET"]}}],"collection":[{"href":"https:\/\/tiendafinning.com\/empresas\/index.php\/wp-json\/wp\/v2\/product"}],"about":[{"href":"https:\/\/tiendafinning.com\/empresas\/index.php\/wp-json\/wp\/v2\/types\/product"}],"replies":[{"embeddable":true,"href":"https:\/\/tiendafinning.com\/empresas\/index.php\/wp-json\/wp\/v2\/comments?post=16730"}],"wp:featuredmedia":[{"embeddable":true,"href":"https:\/\/tiendafinning.com\/empresas\/index.php\/wp-json\/wp\/v2\/media\/17074"}],"wp:attachment":[{"href":"https:\/\/tiendafinning.com\/empresas\/index.php\/wp-json\/wp\/v2\/media?parent=16730"}],"wp:term":[{"taxonomy":"product_brand","embeddable":true,"href":"https:\/\/tiendafinning.com\/empresas\/index.php\/wp-json\/wp\/v2\/product_brand?post=16730"},{"taxonomy":"product_cat","embeddable":true,"href":"https:\/\/tiendafinning.com\/empresas\/index.php\/wp-json\/wp\/v2\/product_cat?post=16730"},{"taxonomy":"product_tag","embeddable":true,"href":"https:\/\/tiendafinning.com\/empresas\/index.php\/wp-json\/wp\/v2\/product_tag?post=16730"}],"curies":[{"name":"wp","href":"https:\/\/api.w.org\/{rel}","templated":true}]}}