{"id":16655,"date":"2023-10-24T11:42:28","date_gmt":"2023-10-24T11:42:28","guid":{"rendered":"https:\/\/tiendafinning.com\/empresas\/?post_type=product&#038;p=16655"},"modified":"2024-11-13T12:52:46","modified_gmt":"2024-11-13T12:52:46","slug":"gorro-caterpillar-9","status":"publish","type":"product","link":"https:\/\/tiendafinning.com\/empresas\/index.php\/product\/gorro-caterpillar-9\/","title":{"rendered":"Gorro Caterpillar"},"content":{"rendered":"<ul>\n<li id=\"tw-target-text\" class=\"tw-data-text tw-text-large tw-ta\" dir=\"ltr\" data-placeholder=\"Translation\" data-ved=\"2ahUKEwj5w8z4vdqBAxWDpJUCHeAZDH0Q3ewLegQICBAQ\"><span class=\"Y2IQFc\" lang=\"es\">Gorro gris con punto blanco y dorado rayas. <\/span><\/li>\n<li class=\"tw-data-text tw-text-large tw-ta\" dir=\"ltr\" data-placeholder=\"Translation\" data-ved=\"2ahUKEwj5w8z4vdqBAxWDpJUCHeAZDH0Q3ewLegQICBAQ\"><span class=\"Y2IQFc\" lang=\"es\">Cuenta con pomp\u00f3n en la parte superior y pu\u00f1o de 3&#8243; con Marca de dise\u00f1o de gato bordada en oro. <\/span><\/li>\n<li class=\"tw-data-text tw-text-large tw-ta\" dir=\"ltr\" data-placeholder=\"Translation\" data-ved=\"2ahUKEwj5w8z4vdqBAxWDpJUCHeAZDH0Q3ewLegQICBAQ\"><span class=\"Y2IQFc\" lang=\"es\">Importado.<\/span><\/li>\n<\/ul>\n","protected":false},"excerpt":{"rendered":"<p>Color: Negro\/amarillo<\/p>\n<p><a href=\"https:\/\/diecast.cl\/?attachment_id=5723\" rel=\"attachment wp-att-5723\"><img decoding=\"async\" class=\"alignnone wp-image-5723\" src=\"https:\/\/diecast.cl\/wp-content\/uploads\/2021\/05\/Cat-logo-300x188.png\" alt=\"\" width=\"236\" height=\"148\" \/><\/a><\/p>\n","protected":false},"featured_media":17041,"comment_status":"open","ping_status":"closed","template":"","meta":{"_joinchat":[]},"product_brand":[],"product_cat":[437],"product_tag":[112,438,310],"class_list":{"0":"post-16655","1":"product","2":"type-product","3":"status-publish","4":"has-post-thumbnail","6":"product_cat-gorros","7":"product_tag-caterpillar","8":"product_tag-gorro","9":"product_tag-merchandising","11":"first","12":"outofstock","13":"featured","14":"taxable","15":"shipping-taxable","16":"purchasable","17":"product-type-simple"},"_links":{"self":[{"href":"https:\/\/tiendafinning.com\/empresas\/index.php\/wp-json\/wp\/v2\/product\/16655","targetHints":{"allow":["GET"]}}],"collection":[{"href":"https:\/\/tiendafinning.com\/empresas\/index.php\/wp-json\/wp\/v2\/product"}],"about":[{"href":"https:\/\/tiendafinning.com\/empresas\/index.php\/wp-json\/wp\/v2\/types\/product"}],"replies":[{"embeddable":true,"href":"https:\/\/tiendafinning.com\/empresas\/index.php\/wp-json\/wp\/v2\/comments?post=16655"}],"wp:featuredmedia":[{"embeddable":true,"href":"https:\/\/tiendafinning.com\/empresas\/index.php\/wp-json\/wp\/v2\/media\/17041"}],"wp:attachment":[{"href":"https:\/\/tiendafinning.com\/empresas\/index.php\/wp-json\/wp\/v2\/media?parent=16655"}],"wp:term":[{"taxonomy":"product_brand","embeddable":true,"href":"https:\/\/tiendafinning.com\/empresas\/index.php\/wp-json\/wp\/v2\/product_brand?post=16655"},{"taxonomy":"product_cat","embeddable":true,"href":"https:\/\/tiendafinning.com\/empresas\/index.php\/wp-json\/wp\/v2\/product_cat?post=16655"},{"taxonomy":"product_tag","embeddable":true,"href":"https:\/\/tiendafinning.com\/empresas\/index.php\/wp-json\/wp\/v2\/product_tag?post=16655"}],"curies":[{"name":"wp","href":"https:\/\/api.w.org\/{rel}","templated":true}]}}