{"id":14047,"date":"2023-03-06T11:53:18","date_gmt":"2023-03-06T11:53:18","guid":{"rendered":"https:\/\/tiendafinning.com\/?post_type=product&#038;p=14047"},"modified":"2023-06-13T15:52:52","modified_gmt":"2023-06-13T15:52:52","slug":"bulldozer-d7c-cat","status":"publish","type":"product","link":"https:\/\/tiendafinning.com\/empresas\/index.php\/product\/bulldozer-d7c-cat\/","title":{"rendered":"Bulldozer D7C Cat"},"content":{"rendered":"<p><span style=\"font-size: 17px;\"><strong>Descripci\u00f3n:<\/strong><\/span><\/p>\n<ul>\n<li><strong>Estado de Art\u00edculo:<\/strong>\u00a0Nuevo<\/li>\n<li><strong>Accesorios:<\/strong>\u00a0No<\/li>\n<li><strong>Marca:<\/strong>\u00a0DieCast Masters<\/li>\n<li><strong>Modelo:<\/strong> D7C<\/li>\n<li><strong>Escala:<\/strong> 1:50<\/li>\n<li><strong>Marca de Veh\u00edculo:<\/strong>\u00a0Caterpillar<\/li>\n<li><strong>C\u00f3digo:\u00a0<\/strong>85577<\/li>\n<li><strong>Rango de edad recomendado:<\/strong>\u00a014 <\/li>\n<li><strong>Dimensiones del producto: <\/strong>12cm x 7cm x 5cm<\/li>\n<li><strong>Peso del producto:\u00a0<\/strong>1Kg<\/li>\n<li><strong>Material:<\/strong>\u00a0Fundici\u00f3n<\/li>\n<li><strong>Color:<\/strong>\u00a0Amarillo<\/li>\n<\/ul>\n<p><strong><span style=\"font-size: 17px;\">Especificaciones:<\/span><\/strong><\/p>\n<ul>\n<li><span class=\"a-list-item\"><span><span>Empaque de la Serie Vintage: Caja coleccionable con tapa abatible impresa a todo color, envuelta en una funda, se abre para revelar el modelo desgastado y la placa base sucia.\u00a0<\/span><span>El inserto de espuma troquelada protege el modelo dentro de la caja.\u00a0<\/span><span>\u201cIncluya una tarjeta de coleccionista de metal.\u201d<\/span><\/span><\/span><\/li>\n<li><span class=\"a-list-item\"><span><span>Vintage aut\u00e9ntico, pintura Cat Machine Yellow, interior detallado de la cabina, figura del operador espec\u00edfica de la era<\/span><\/span><\/span><\/li>\n<li><span class=\"a-list-item\"><span><span>Pistas de metal m\u00f3viles realistas, la hoja sube, baja e inclina, tarjeta de coleccionista de metal retro adicional, caja de ventana hist\u00f3rica con base de exhibici\u00f3n<\/span><\/span><\/span><\/li>\n<li>Serie: Vintage<\/li>\n<\/ul>\n","protected":false},"excerpt":{"rendered":"<p>Material: Metalico<\/p>\n<p>Incluye: Operador<\/p>\n<p>Escala 1:50<\/p>\n<p><img decoding=\"async\" class=\"alignnone wp-image-3218\" src=\"https:\/\/diecast.cl\/wp-content\/uploads\/2020\/11\/DM.png\" alt=\"\" width=\"162\" height=\"148\" \/><\/p>\n","protected":false},"featured_media":14048,"comment_status":"open","ping_status":"closed","template":"","meta":{"_joinchat":[]},"product_brand":[],"product_cat":[414],"product_tag":[235,112,113,114],"class_list":{"0":"post-14047","1":"product","2":"type-product","3":"status-publish","4":"has-post-thumbnail","6":"product_cat-bulldozer","7":"product_tag-bulldozer","8":"product_tag-caterpillar","9":"product_tag-diecast-masters","10":"product_tag-mineria","12":"first","13":"outofstock","14":"taxable","15":"shipping-taxable","16":"purchasable","17":"product-type-simple"},"_links":{"self":[{"href":"https:\/\/tiendafinning.com\/empresas\/index.php\/wp-json\/wp\/v2\/product\/14047","targetHints":{"allow":["GET"]}}],"collection":[{"href":"https:\/\/tiendafinning.com\/empresas\/index.php\/wp-json\/wp\/v2\/product"}],"about":[{"href":"https:\/\/tiendafinning.com\/empresas\/index.php\/wp-json\/wp\/v2\/types\/product"}],"replies":[{"embeddable":true,"href":"https:\/\/tiendafinning.com\/empresas\/index.php\/wp-json\/wp\/v2\/comments?post=14047"}],"wp:featuredmedia":[{"embeddable":true,"href":"https:\/\/tiendafinning.com\/empresas\/index.php\/wp-json\/wp\/v2\/media\/14048"}],"wp:attachment":[{"href":"https:\/\/tiendafinning.com\/empresas\/index.php\/wp-json\/wp\/v2\/media?parent=14047"}],"wp:term":[{"taxonomy":"product_brand","embeddable":true,"href":"https:\/\/tiendafinning.com\/empresas\/index.php\/wp-json\/wp\/v2\/product_brand?post=14047"},{"taxonomy":"product_cat","embeddable":true,"href":"https:\/\/tiendafinning.com\/empresas\/index.php\/wp-json\/wp\/v2\/product_cat?post=14047"},{"taxonomy":"product_tag","embeddable":true,"href":"https:\/\/tiendafinning.com\/empresas\/index.php\/wp-json\/wp\/v2\/product_tag?post=14047"}],"curies":[{"name":"wp","href":"https:\/\/api.w.org\/{rel}","templated":true}]}}