{"id":13091,"date":"2023-02-02T18:28:49","date_gmt":"2023-02-02T18:28:49","guid":{"rendered":"https:\/\/tiendafinning.com\/?post_type=product&#038;p=13091"},"modified":"2023-06-13T16:04:13","modified_gmt":"2023-06-13T16:04:13","slug":"bulldozer-cat-4","status":"publish","type":"product","link":"https:\/\/tiendafinning.com\/empresas\/index.php\/product\/bulldozer-cat-4\/","title":{"rendered":"Bulldozer Cat."},"content":{"rendered":"<div class=\"p-paragraph\">\n<p>El dise\u00f1o y el tama\u00f1o de la topadora de orugas Cat\u00ae grande con su oruga delta sobresaliente impresiona a todos los que la miran.\u00a0Al desarrollar nuestro modelo, quer\u00edamos permanecer fieles a esto, por lo que creamos un juguete y un modelo impresionantes que, como es el caso de todos nuestros productos, son como los reales.\u00a0Estas m\u00e1quinas se utilizan principalmente en grandes obras de construcci\u00f3n y en regiones mineras para nivelar grandes \u00e1reas.\u00a0De particular inter\u00e9s es la pista de enlace completamente funcional que consta de 62 enlaces y no muestra debilidad incluso en las condiciones dif\u00edciles y desafiantes a las que est\u00e1 sujeta diariamente (pozo de arena).\u00a0La altura y la inclinaci\u00f3n de la poderosa cuchilla niveladora se pueden ajustar.\u00a0La altura del impresionante escarificador se puede ajustar.\u00a0Las puertas de la cabina se pueden abrir para permitir que las figuras de bworld entren en la excavadora de orugas para que el juego sea como la realidad.\u00a0As\u00ed que no hay nada que impida que los ni\u00f1os peque\u00f1os jueguen juegos realistas con esta poderosa m\u00e1quina en su dormitorio o afuera.\u00a0Los accesorios de obra son ideales para los veh\u00edculos BRUDER.<\/p>\n<h3 class=\"p-heading p-heading--h3\">cabina del conductor<\/h3>\n<div class=\"e-article-details__list-wrapper p-paragraph\">\n<ul class=\"articleHighlightsList\">\n<li>las puertas se pueden abrir<\/li>\n<\/ul>\n<\/div>\n<h3 class=\"p-heading p-heading--h3\">cuerpo automotriz<\/h3>\n<div class=\"e-article-details__list-wrapper p-paragraph\">\n<ul class=\"articleHighlightsList\">\n<li>escarificador trasero con movimiento arriba\/abajo<\/li>\n<\/ul>\n<\/div>\n<h3 class=\"p-heading p-heading--h3\">chasis<\/h3>\n<div class=\"e-article-details__list-wrapper p-paragraph\">\n<ul class=\"articleHighlightsList\">\n<li>Eslabones de cadena genuinos (no bandas de rodadura de goma)<\/li>\n<\/ul>\n<\/div>\n<h3 class=\"p-heading p-heading--h3\">movimiento\/funci\u00f3n<\/h3>\n<div class=\"e-article-details__list-wrapper p-paragraph\">\n<ul class=\"articleHighlightsList\">\n<li>hoja de nivelaci\u00f3n bloqueable<\/li>\n<\/ul>\n<\/div>\n<h3 class=\"p-heading p-heading--h3\">com\u00fan<\/h3>\n<div class=\"e-article-details__list-wrapper p-paragraph\">\n<ul class=\"articleHighlightsList\">\n<li>\u00a1ADVERTENCIA!\u00a0No apto para ni\u00f1os menores de 36 meses.\u00a0Peligro de asfixia: piezas peque\u00f1as.<\/li>\n<li>Edad recomendada: a partir de 4 a\u00f1os para jugar en interior y exterior<\/li>\n<li>Fabricado con pl\u00e1sticos de alta calidad como ABS.<\/li>\n<li>Compatible con la figura<\/li>\n<li>Hecho por Bruder<\/li>\n<li>Escala 1:16<\/li>\n<\/ul>\n<\/div>\n<\/div>\n<div class=\"e-article-details__icon-wrapper\"><img decoding=\"async\" class=\"e-article-details__icon\" src=\"https:\/\/www.bruder.de\/fileadmin\/user_upload\/shopware_media\/ea\/d3\/c8\/badge-age-4.jpg\" alt=\"Edad recomendada: a partir de 4 a\u00f1os para jugar en interior y exterior\" width=\"75\" height=\"88\" \/><img decoding=\"async\" class=\"e-article-details__icon\" src=\"https:\/\/www.bruder.de\/fileadmin\/user_upload\/shopware_media\/1d\/c5\/21\/badge-bruder-germany.jpg\" alt=\"Hecho por Bruder\" width=\"76\" height=\"76\" \/><img decoding=\"async\" class=\"e-article-details__icon\" src=\"https:\/\/www.bruder.de\/fileadmin\/user_upload\/shopware_media\/36\/49\/8a\/badge-funktion-tuer.jpg\" alt=\"las puertas se pueden abrir\" width=\"76\" height=\"76\" \/><img loading=\"lazy\" decoding=\"async\" class=\"e-article-details__icon\" src=\"https:\/\/www.bruder.de\/fileadmin\/user_upload\/shopware_media\/b0\/bd\/db\/badge-3-years.jpg\" alt=\"\u00a1ADVERTENCIA! No apto para ni\u00f1os menores de 36 meses. Peligro de asfixia: piezas peque\u00f1as.\" width=\"75\" height=\"75\" \/><a href=\"https:\/\/www.bruder.de\/en\/hints\/hints-bworld.html\"><img loading=\"lazy\" decoding=\"async\" class=\"e-article-details__icon\" src=\"https:\/\/www.bruder.de\/fileadmin\/user_upload\/shopware_media\/54\/f0\/c7\/badge-bworld.jpg\" alt=\"Compatible con la figura\" width=\"75\" height=\"84\" \/><\/a><\/div>\n","protected":false},"excerpt":{"rendered":"<p>Tama\u00f1o: 54 x 28,5 x 27 cm.<\/p>\n<p>Edad recomendada: +3<\/p>\n<p>Material: Pl\u00e1sticos de alta calidad como ABS<\/p>\n<p>Escala 1:16<\/p>\n<p><img loading=\"lazy\" decoding=\"async\" class=\"alignnone wp-image-3611\" src=\"https:\/\/diecast.cl\/wp-content\/uploads\/2021\/02\/Bruder-Logo-300x103.png\" alt=\"\" width=\"248\" height=\"85\" \/><\/p>\n","protected":false},"featured_media":13092,"comment_status":"open","ping_status":"closed","template":"","meta":{"_joinchat":[]},"product_brand":[],"product_cat":[425],"product_tag":[185,289,112,246,542,114,543],"class_list":{"0":"post-13091","1":"product","2":"type-product","3":"status-publish","4":"has-post-thumbnail","6":"product_cat-jugueteria","7":"product_tag-bruder","8":"product_tag-cat","9":"product_tag-caterpillar","10":"product_tag-construccion","11":"product_tag-juguete","12":"product_tag-mineria","13":"product_tag-ninos","15":"first","16":"outofstock","17":"taxable","18":"shipping-taxable","19":"purchasable","20":"product-type-simple"},"_links":{"self":[{"href":"https:\/\/tiendafinning.com\/empresas\/index.php\/wp-json\/wp\/v2\/product\/13091","targetHints":{"allow":["GET"]}}],"collection":[{"href":"https:\/\/tiendafinning.com\/empresas\/index.php\/wp-json\/wp\/v2\/product"}],"about":[{"href":"https:\/\/tiendafinning.com\/empresas\/index.php\/wp-json\/wp\/v2\/types\/product"}],"replies":[{"embeddable":true,"href":"https:\/\/tiendafinning.com\/empresas\/index.php\/wp-json\/wp\/v2\/comments?post=13091"}],"wp:featuredmedia":[{"embeddable":true,"href":"https:\/\/tiendafinning.com\/empresas\/index.php\/wp-json\/wp\/v2\/media\/13092"}],"wp:attachment":[{"href":"https:\/\/tiendafinning.com\/empresas\/index.php\/wp-json\/wp\/v2\/media?parent=13091"}],"wp:term":[{"taxonomy":"product_brand","embeddable":true,"href":"https:\/\/tiendafinning.com\/empresas\/index.php\/wp-json\/wp\/v2\/product_brand?post=13091"},{"taxonomy":"product_cat","embeddable":true,"href":"https:\/\/tiendafinning.com\/empresas\/index.php\/wp-json\/wp\/v2\/product_cat?post=13091"},{"taxonomy":"product_tag","embeddable":true,"href":"https:\/\/tiendafinning.com\/empresas\/index.php\/wp-json\/wp\/v2\/product_tag?post=13091"}],"curies":[{"name":"wp","href":"https:\/\/api.w.org\/{rel}","templated":true}]}}