{"id":11871,"date":"2022-07-20T10:43:09","date_gmt":"2022-07-20T10:43:09","guid":{"rendered":"https:\/\/tiendafinning.com\/?post_type=product&#038;p=11871"},"modified":"2023-06-14T16:54:37","modified_gmt":"2023-06-14T16:54:37","slug":"miniescavadora-cat","status":"publish","type":"product","link":"https:\/\/tiendafinning.com\/empresas\/index.php\/product\/miniescavadora-cat\/","title":{"rendered":"Miniexcavadora Cat."},"content":{"rendered":"<p>La miniexcavadora Cat\u00ae no es realmente una mini, sino un verdadero gigante en su categor\u00eda.\u00a0Gracias a sus dimensiones compactas, se siente como en casa en espacios reducidos.\u00a0El brazo de la excavadora tambi\u00e9n se puede girar hacia un lado para que sea indispensable para el paisajismo y la jardiner\u00eda, as\u00ed como para trabajos generales de construcci\u00f3n donde el veh\u00edculo mueve eficientemente peque\u00f1as cantidades de tierra.\u00a0Gracias a su chasis con orugas, tambi\u00e9n puede hacer frente a terrenos dif\u00edciles.\u00a0La hoja del chasis le da al veh\u00edculo m\u00e1s estabilidad en terrenos sueltos, haci\u00e9ndolo m\u00e1s adecuado para actividades simples de nivelaci\u00f3n.<\/p>\n<p>Adem\u00e1s de sus funciones de juego realistas, el modelo viene con amplios accesorios.\u00a0El cuchar\u00f3n de la excavadora es desmontable.\u00a0El cap\u00f3 en la parte trasera se abre, la cabina est\u00e1 acristalada y su puerta se abre.\u00a0El cuerpo de la excavadora gira 360\u00b0 y el brazo de la cuchara otros 180\u00b0, como en la vida real.<\/p>\n<h3 class=\"p-heading p-heading--h3\">Cabina del conductor<\/h3>\n<div class=\"e-article-details__list-wrapper p-paragraph\">\n<ul class=\"articleHighlightsList\">\n<li>la cabina del conductor puede girar 360\u00b0<\/li>\n<\/ul>\n<\/div>\n<h3 class=\"p-heading p-heading--h3\">Cuerpo automotriz<\/h3>\n<div class=\"e-article-details__list-wrapper p-paragraph\">\n<ul class=\"articleHighlightsList\">\n<li>La pala se puede quitar<\/li>\n<li>el cap\u00f3 del motor se puede abrir<\/li>\n<li>la hoja de arado es ajustable en altura y se puede subir\/bajar y bloquear en posici\u00f3n<\/li>\n<\/ul>\n<\/div>\n<h3 class=\"p-heading p-heading--h3\">Chasis<\/h3>\n<div class=\"e-article-details__list-wrapper p-paragraph\">\n<ul class=\"articleHighlightsList\">\n<li>Eslabones de cadena genuinos (no bandas de rodadura de goma)<\/li>\n<\/ul>\n<\/div>\n<h3 class=\"p-heading p-heading--h3\">Movimiento\/funci\u00f3n<\/h3>\n<div class=\"e-article-details__list-wrapper p-paragraph\">\n<ul class=\"articleHighlightsList\">\n<li>el brazo de la excavadora se puede utilizar muy por debajo del nivel del veh\u00edculo (por ejemplo, para trabajos de drenaje)<\/li>\n<li>brazo de excavadora en pleno funcionamiento<\/li>\n<\/ul>\n<\/div>\n<h3 class=\"p-heading p-heading--h3\">Com\u00fan<\/h3>\n<div class=\"e-article-details__list-wrapper p-paragraph\">\n<ul class=\"articleHighlightsList\">\n<li>\u00a1ADVERTENCIA!\u00a0No apto para ni\u00f1os menores de 36 meses.\u00a0Peligro de asfixia: piezas peque\u00f1as.<\/li>\n<li>Edad recomendada: a partir de 3 a\u00f1os para jugar en interior y exterior<\/li>\n<li>Fabricado con pl\u00e1sticos de alta calidad como ABS.<\/li>\n<li>Compatible con la figura<\/li>\n<li>Hecho por Bruder<\/li>\n<li>Escala 1:16<\/li>\n<\/ul>\n<p>&nbsp;<\/p>\n<\/div>\n<p><img decoding=\"async\" class=\"\" src=\"https:\/\/www.bruder.de\/fileadmin\/user_upload\/shopware_media\/4e\/da\/7f\/badge-age-3.jpg\" alt=\"Edad recomendada: a partir de 3 a\u00f1os para jugar en interior y exterior\" width=\"86\" height=\"101\" \/><img decoding=\"async\" class=\"\" src=\"https:\/\/www.bruder.de\/fileadmin\/user_upload\/shopware_media\/1d\/c5\/21\/badge-bruder-germany.jpg\" alt=\"Hecho por Bruder\" width=\"100\" height=\"100\" \/><img decoding=\"async\" class=\"\" src=\"https:\/\/www.bruder.de\/fileadmin\/user_upload\/shopware_media\/87\/28\/31\/badge-funktion-motorhaube.jpg\" alt=\"el cap\u00f3 del motor se puede abrir\" width=\"100\" height=\"100\" \/><img loading=\"lazy\" decoding=\"async\" class=\"\" src=\"https:\/\/www.bruder.de\/fileadmin\/user_upload\/shopware_media\/54\/f0\/c7\/badge-bworld.jpg\" alt=\"Compatible con la figura\" width=\"90\" height=\"101\" \/><img loading=\"lazy\" decoding=\"async\" class=\"\" src=\"https:\/\/www.bruder.de\/fileadmin\/user_upload\/shopware_media\/b0\/bd\/db\/badge-3-years.jpg\" alt=\"\u00a1ADVERTENCIA! No apto para ni\u00f1os menores de 36 meses. Peligro de asfixia: piezas peque\u00f1as.\" width=\"100\" height=\"100\" \/><\/p>\n","protected":false},"excerpt":{"rendered":"<p>Tama\u00f1o: 40,9 x 16,3 x 18,0 cm.<\/p>\n<p>Edad recomendada: 3<\/p>\n<p>Material: Pl\u00e1sticos de alta calidad como ABS<\/p>\n<p>Escala 1:16<\/p>\n<p><img loading=\"lazy\" decoding=\"async\" class=\"alignnone wp-image-3611\" src=\"https:\/\/diecast.cl\/wp-content\/uploads\/2021\/02\/Bruder-Logo-300x103.png\" alt=\"\" width=\"248\" height=\"85\" \/><\/p>\n","protected":false},"featured_media":12861,"comment_status":"open","ping_status":"closed","template":"","meta":{"_joinchat":[]},"product_brand":[],"product_cat":[413,425],"product_tag":[185],"class_list":{"0":"post-11871","1":"product","2":"type-product","3":"status-publish","4":"has-post-thumbnail","6":"product_cat-excavadoras","7":"product_cat-jugueteria","8":"product_tag-bruder","10":"first","11":"outofstock","12":"featured","13":"taxable","14":"shipping-taxable","15":"purchasable","16":"product-type-simple"},"_links":{"self":[{"href":"https:\/\/tiendafinning.com\/empresas\/index.php\/wp-json\/wp\/v2\/product\/11871","targetHints":{"allow":["GET"]}}],"collection":[{"href":"https:\/\/tiendafinning.com\/empresas\/index.php\/wp-json\/wp\/v2\/product"}],"about":[{"href":"https:\/\/tiendafinning.com\/empresas\/index.php\/wp-json\/wp\/v2\/types\/product"}],"replies":[{"embeddable":true,"href":"https:\/\/tiendafinning.com\/empresas\/index.php\/wp-json\/wp\/v2\/comments?post=11871"}],"wp:featuredmedia":[{"embeddable":true,"href":"https:\/\/tiendafinning.com\/empresas\/index.php\/wp-json\/wp\/v2\/media\/12861"}],"wp:attachment":[{"href":"https:\/\/tiendafinning.com\/empresas\/index.php\/wp-json\/wp\/v2\/media?parent=11871"}],"wp:term":[{"taxonomy":"product_brand","embeddable":true,"href":"https:\/\/tiendafinning.com\/empresas\/index.php\/wp-json\/wp\/v2\/product_brand?post=11871"},{"taxonomy":"product_cat","embeddable":true,"href":"https:\/\/tiendafinning.com\/empresas\/index.php\/wp-json\/wp\/v2\/product_cat?post=11871"},{"taxonomy":"product_tag","embeddable":true,"href":"https:\/\/tiendafinning.com\/empresas\/index.php\/wp-json\/wp\/v2\/product_tag?post=11871"}],"curies":[{"name":"wp","href":"https:\/\/api.w.org\/{rel}","templated":true}]}}