{"id":13832,"date":"2023-04-13T13:21:02","date_gmt":"2023-04-13T13:21:02","guid":{"rendered":"https:\/\/tiendafinning.com\/?page_id=13832"},"modified":"2023-07-21T17:07:57","modified_gmt":"2023-07-21T17:07:57","slug":"politicas-de-cambio-o-devolucion","status":"publish","type":"page","link":"https:\/\/tiendafinning.com\/empresas\/index.php\/politicas-de-cambio-o-devolucion\/","title":{"rendered":"Pol\u00edticas de Cambio o Devoluci\u00f3n"},"content":{"rendered":"\n<p>Estas pol\u00edticas ser\u00e1n aplicadas si el producto adquirido presenta alguna anormalidad que afecte la satisfacci\u00f3n del cliente.<\/p>\n\n\n\n<p>Cada producto tiene una garant\u00eda de 10 d\u00edas en caso de que este haya sido recibido con alg\u00fan da\u00f1o, rotura o desperfecto de f\u00e1brica.<\/p>\n\n\n\n<p>Para poder generar el cambio, el cliente debe contactarse con la tienda o vendedor encargado de su pedido, posteriormente enviar imagen del desperfecto o dirigirse a la tienda para evaluar fisicamente los detalles, en caso de que se autorice el cambio, el cliente deber\u00e1 escoger un producto de reemplazo que sea de precio similar al monto ya cancelado.<\/p>\n\n\n\n<p>Para cambios de productos enviados a regi\u00f3n se llegar\u00e1 a un acuerdo de las dos partes para la cobertura de los costos de env\u00edos incurridos.<\/p>\n\n\n\n<p>En caso de cualquier duda contactanos al +56 9 3457 8940.<\/p>\n","protected":false},"excerpt":{"rendered":"<p>Estas pol\u00edticas ser\u00e1n aplicadas si el producto adquirido presenta alguna anormalidad que afecte la satisfacci\u00f3n del cliente. Cada producto tiene una garant\u00eda de 10 d\u00edas en caso de que este haya sido recibido con alg\u00fan da\u00f1o, rotura o desperfecto de f\u00e1brica. Para poder generar el cambio, el cliente debe contactarse con la tienda o vendedor [&#8230;]\n","protected":false},"author":1,"featured_media":0,"parent":0,"menu_order":0,"comment_status":"closed","ping_status":"closed","template":"","meta":{"_joinchat":[],"footnotes":""},"class_list":["post-13832","page","type-page","status-publish","hentry"],"_links":{"self":[{"href":"https:\/\/tiendafinning.com\/empresas\/index.php\/wp-json\/wp\/v2\/pages\/13832","targetHints":{"allow":["GET"]}}],"collection":[{"href":"https:\/\/tiendafinning.com\/empresas\/index.php\/wp-json\/wp\/v2\/pages"}],"about":[{"href":"https:\/\/tiendafinning.com\/empresas\/index.php\/wp-json\/wp\/v2\/types\/page"}],"author":[{"embeddable":true,"href":"https:\/\/tiendafinning.com\/empresas\/index.php\/wp-json\/wp\/v2\/users\/1"}],"replies":[{"embeddable":true,"href":"https:\/\/tiendafinning.com\/empresas\/index.php\/wp-json\/wp\/v2\/comments?post=13832"}],"version-history":[{"count":2,"href":"https:\/\/tiendafinning.com\/empresas\/index.php\/wp-json\/wp\/v2\/pages\/13832\/revisions"}],"predecessor-version":[{"id":15320,"href":"https:\/\/tiendafinning.com\/empresas\/index.php\/wp-json\/wp\/v2\/pages\/13832\/revisions\/15320"}],"wp:attachment":[{"href":"https:\/\/tiendafinning.com\/empresas\/index.php\/wp-json\/wp\/v2\/media?parent=13832"}],"curies":[{"name":"wp","href":"https:\/\/api.w.org\/{rel}","templated":true}]}}